{"id":1300,"date":"2024-12-07T17:15:35","date_gmt":"2024-12-07T16:15:35","guid":{"rendered":"https:\/\/tirolerinnern.at\/kirchbichl\/?page_id=1300"},"modified":"2025-04-11T22:01:20","modified_gmt":"2025-04-11T20:01:20","slug":"impressum","status":"publish","type":"page","link":"https:\/\/tirolerinnern.at\/kirchbichl\/impressum\/","title":{"rendered":"Impressum"},"content":{"rendered":"\t\t<div data-elementor-type=\"wp-page\" data-elementor-id=\"1300\" class=\"elementor elementor-1300\">\n\t\t\t\t<div class=\"elementor-element elementor-element-37cc6e4 e-flex e-con-boxed e-con e-parent\" data-id=\"37cc6e4\" data-element_type=\"container\" data-settings=\"{&quot;background_background&quot;:&quot;classic&quot;}\">\n\t\t\t\t\t<div class=\"e-con-inner\">\n\t\t<div class=\"elementor-element elementor-element-1b57ff9 e-con-full e-flex e-con e-child\" data-id=\"1b57ff9\" data-element_type=\"container\" data-settings=\"{&quot;background_background&quot;:&quot;classic&quot;}\">\n\t\t\t\t<div class=\"elementor-element elementor-element-f17d14e elementor-widget elementor-widget-heading\" data-id=\"f17d14e\" data-element_type=\"widget\" data-widget_type=\"heading.default\">\n\t\t\t\t<div class=\"elementor-widget-container\">\n\t\t\t<h2 class=\"elementor-heading-title elementor-size-default\">Impressum<\/h2>\t\t<\/div>\n\t\t\t\t<\/div>\n\t\t\t\t<\/div>\n\t\t\t\t\t<\/div>\n\t\t\t\t<\/div>\n\t\t<div class=\"elementor-element elementor-element-422d1aa e-flex e-con-boxed e-con e-parent\" data-id=\"422d1aa\" data-element_type=\"container\" data-settings=\"{&quot;background_background&quot;:&quot;classic&quot;}\">\n\t\t\t\t\t<div class=\"e-con-inner\">\n\t\t<div class=\"elementor-element elementor-element-97b4cd6 e-con-full e-flex e-con e-child\" data-id=\"97b4cd6\" data-element_type=\"container\" data-settings=\"{&quot;background_background&quot;:&quot;classic&quot;}\">\n\t\t\t\t<div class=\"elementor-element elementor-element-9be973a elementor-widget elementor-widget-text-editor\" data-id=\"9be973a\" data-element_type=\"widget\" data-widget_type=\"text-editor.default\">\n\t\t\t\t<div class=\"elementor-widget-container\">\n\t\t\t\t\t\t\t<p><strong>F\u00fcr den Inhalt verantwortlich<br \/><\/strong>Christian Mathies (ERINNERN:AT\/PH Tirol)<br \/>6020 Innsbruck<br \/><span style=\"text-decoration: underline\"><a href=\"mailto:ch.mathies@ph-tirol.ac.at\">ch.mathies@ph-tirol.ac.at<\/a><\/span><\/p><p><strong>Umsetzung<br \/><\/strong>Matthias Haaser<br \/>6065 Thaur<br \/><span style=\"text-decoration: underline\"><a href=\"mailto:info@tirolerinnern.at\">info@tirolerinnern.at<\/a><\/span><\/p><p><strong>Inhaber<br \/><\/strong>Gemeinde Kirchbichl<br \/>Oberndorferstra\u00dfe<br \/>6322 Kirchbichl<br \/><span style=\"text-decoration: underline\"><a href=\"mailto:info@tirolerinnern.at\">gemeinde@kirchbichl<\/a><\/span><span style=\"text-decoration: underline\"><a href=\"mailto:info@tirolerinnern.at\">.at<\/a><\/span><\/p><p><strong>Datenschutzerkl\u00e4rung<\/strong><br \/>Der Schutz Ihrer pers\u00f6nlichen Daten ist uns ein besonderes Anliegen. Ihre Daten werden daher ausschlie\u00dflich auf Grundlage der geltenden gesetzlichen Bestimmungen verarbeitet. Unter folgendem Link informieren wir Sie dar\u00fcber, wie Ihre personenbezogenen Daten verarbeitet werden: <a href=\"https:\/\/tirolerinnern.at\/kirchbichl\/datenschutzerklaerung\/\">Link<\/a><\/p><p><strong>Haftung \/ Disclaimer<\/strong><br \/>Trotz intensiver Bem\u00fchungen k\u00f6nnen nicht in allen F\u00e4llen die InhaberInnen von Text- und Bildrechten ausfindig gemacht werden. F\u00fcr entsprechende Hinweise sind wir dankbar. Sollten UrheberInnenrechte verletzt worden sein, bitten wir um Kontaktaufnahme.<\/p><p><strong>Wichtiger Hinweis<\/strong> zu allen Links auf dieser Website:\u00a0 Wir weisen ausdr\u00fccklich darauf hin, dass wir keinerlei Einfluss auf die Gestaltung und die Inhalte der gelinkten Seiten haben. Wir sind dankbar f\u00fcr jeden Hinweis auf inhaltlich bedenkliche Seiten, die mittels Link an unsere Seiten angebunden sind.<\/p>\t\t\t\t\t\t<\/div>\n\t\t\t\t<\/div>\n\t\t\t\t<\/div>\n\t\t\t\t\t<\/div>\n\t\t\t\t<\/div>\n\t\t<div class=\"elementor-element elementor-element-e3d041b e-flex e-con-boxed e-con e-parent\" data-id=\"e3d041b\" data-element_type=\"container\" data-settings=\"{&quot;background_background&quot;:&quot;gradient&quot;}\">\n\t\t\t\t\t<div class=\"e-con-inner\">\n\t\t\t\t\t<\/div>\n\t\t\t\t<\/div>\n\t\t\t\t<\/div>\n\t\t","protected":false},"excerpt":{"rendered":"<p>Impressum F\u00fcr den Inhalt verantwortlichChristian Mathies (ERINNERN:AT\/PH Tirol)6020 Innsbruckch.mathies@ph-tirol.ac.at UmsetzungMatthias Haaser6065 Thaurinfo@tirolerinnern.at InhaberGemeinde KirchbichlOberndorferstra\u00dfe6322 Kirchbichlgemeinde@kirchbichl.at Datenschutzerkl\u00e4rungDer Schutz Ihrer pers\u00f6nlichen Daten ist uns ein besonderes Anliegen. Ihre Daten werden daher ausschlie\u00dflich auf Grundlage der geltenden gesetzlichen Bestimmungen verarbeitet. Unter folgendem Link informieren wir Sie dar\u00fcber, wie Ihre personenbezogenen Daten verarbeitet werden: Link Haftung \/ DisclaimerTrotz intensiver [&hellip;]<\/p>\n","protected":false},"author":1,"featured_media":0,"parent":0,"menu_order":0,"comment_status":"closed","ping_status":"closed","template":"","meta":{"ocean_post_layout":"full-screen","ocean_both_sidebars_style":"","ocean_both_sidebars_content_width":0,"ocean_both_sidebars_sidebars_width":0,"ocean_sidebar":"","ocean_second_sidebar":"","ocean_disable_margins":"enable","ocean_add_body_class":"","ocean_shortcode_before_top_bar":"","ocean_shortcode_after_top_bar":"","ocean_shortcode_before_header":"","ocean_shortcode_after_header":"","ocean_has_shortcode":"","ocean_shortcode_after_title":"","ocean_shortcode_before_footer_widgets":"","ocean_shortcode_after_footer_widgets":"","ocean_shortcode_before_footer_bottom":"","ocean_shortcode_after_footer_bottom":"","ocean_display_top_bar":"off","ocean_display_header":"default","ocean_header_style":"","ocean_center_header_left_menu":"","ocean_custom_header_template":"","ocean_custom_logo":0,"ocean_custom_retina_logo":0,"ocean_custom_logo_max_width":0,"ocean_custom_logo_tablet_max_width":0,"ocean_custom_logo_mobile_max_width":0,"ocean_custom_logo_max_height":0,"ocean_custom_logo_tablet_max_height":0,"ocean_custom_logo_mobile_max_height":0,"ocean_header_custom_menu":"","ocean_menu_typo_font_family":"","ocean_menu_typo_font_subset":"","ocean_menu_typo_font_size":0,"ocean_menu_typo_font_size_tablet":0,"ocean_menu_typo_font_size_mobile":0,"ocean_menu_typo_font_size_unit":"px","ocean_menu_typo_font_weight":"","ocean_menu_typo_font_weight_tablet":"","ocean_menu_typo_font_weight_mobile":"","ocean_menu_typo_transform":"","ocean_menu_typo_transform_tablet":"","ocean_menu_typo_transform_mobile":"","ocean_menu_typo_line_height":0,"ocean_menu_typo_line_height_tablet":0,"ocean_menu_typo_line_height_mobile":0,"ocean_menu_typo_line_height_unit":"","ocean_menu_typo_spacing":0,"ocean_menu_typo_spacing_tablet":0,"ocean_menu_typo_spacing_mobile":0,"ocean_menu_typo_spacing_unit":"","ocean_menu_link_color":"","ocean_menu_link_color_hover":"","ocean_menu_link_color_active":"","ocean_menu_link_background":"","ocean_menu_link_hover_background":"","ocean_menu_link_active_background":"","ocean_menu_social_links_bg":"","ocean_menu_social_hover_links_bg":"","ocean_menu_social_links_color":"","ocean_menu_social_hover_links_color":"","ocean_disable_title":"on","ocean_disable_heading":"default","ocean_post_title":"","ocean_post_subheading":"","ocean_post_title_style":"","ocean_post_title_background_color":"","ocean_post_title_background":0,"ocean_post_title_bg_image_position":"","ocean_post_title_bg_image_attachment":"","ocean_post_title_bg_image_repeat":"","ocean_post_title_bg_image_size":"","ocean_post_title_height":0,"ocean_post_title_bg_overlay":0.5,"ocean_post_title_bg_overlay_color":"","ocean_disable_breadcrumbs":"default","ocean_breadcrumbs_color":"","ocean_breadcrumbs_separator_color":"","ocean_breadcrumbs_links_color":"","ocean_breadcrumbs_links_hover_color":"","ocean_display_footer_widgets":"off","ocean_display_footer_bottom":"off","ocean_custom_footer_template":"","footnotes":""},"class_list":["post-1300","page","type-page","status-publish","hentry","entry"],"_links":{"self":[{"href":"https:\/\/tirolerinnern.at\/kirchbichl\/wp-json\/wp\/v2\/pages\/1300","targetHints":{"allow":["GET"]}}],"collection":[{"href":"https:\/\/tirolerinnern.at\/kirchbichl\/wp-json\/wp\/v2\/pages"}],"about":[{"href":"https:\/\/tirolerinnern.at\/kirchbichl\/wp-json\/wp\/v2\/types\/page"}],"author":[{"embeddable":true,"href":"https:\/\/tirolerinnern.at\/kirchbichl\/wp-json\/wp\/v2\/users\/1"}],"replies":[{"embeddable":true,"href":"https:\/\/tirolerinnern.at\/kirchbichl\/wp-json\/wp\/v2\/comments?post=1300"}],"version-history":[{"count":26,"href":"https:\/\/tirolerinnern.at\/kirchbichl\/wp-json\/wp\/v2\/pages\/1300\/revisions"}],"predecessor-version":[{"id":1880,"href":"https:\/\/tirolerinnern.at\/kirchbichl\/wp-json\/wp\/v2\/pages\/1300\/revisions\/1880"}],"wp:attachment":[{"href":"https:\/\/tirolerinnern.at\/kirchbichl\/wp-json\/wp\/v2\/media?parent=1300"}],"curies":[{"name":"wp","href":"https:\/\/api.w.org\/{rel}","templated":true}]}}